{"id":20,"date":"2017-10-18T20:03:58","date_gmt":"2017-10-18T18:03:58","guid":{"rendered":"https:\/\/www.akrosak.cz\/?page_id=20"},"modified":"2019-12-04T14:46:40","modified_gmt":"2019-12-04T13:46:40","slug":"odmena","status":"publish","type":"page","link":"https:\/\/www.akrosak.cz\/index.php\/odmena\/","title":{"rendered":"Odm\u011bna"},"content":{"rendered":"<p>Odm\u011bnu pr\u00e1vn\u00edch slu\u017eeb sjedn\u00e1v\u00e1m v\u017edy na z\u00e1klad\u011b dohody s klientem, a to s p\u0159ihl\u00e9dnut\u00edm ke v\u0161em specifik\u016fm dan\u00e9ho pr\u00e1vn\u00edho probl\u00e9mu.<\/p>\n<p><strong>Sjedn\u00e1me ji zpravidla p\u0159i prvn\u00ed osobn\u00ed sch\u016fzce \u010di konzultaci.<\/strong><strong> Budete v\u011bd\u011bt, kolik V\u00e1s pr\u00e1vn\u00ed pomoc bude st\u00e1t.<\/strong><\/p>\n<p>Sjednan\u00e1 odm\u011bna m\u016f\u017ee m\u00edt n\u011bkolik podob, a to nap\u0159.:<\/p>\n<h4>Odm\u011bna \u010dasov\u00e1<\/h4>\n<ul>\n<li>nej\u010dast\u011bji u zastoupen\u00ed v soudn\u00edm \u010di spr\u00e1vn\u00edm \u0159\u00edzen\u00ed<\/li>\n<li>stanov\u00ed se hodinov\u00e1 sazba a celkov\u00e1 odm\u011bna se ur\u010d\u00ed dle vyk\u00e1zan\u00fdch hodin pr\u00e1vn\u00ed slu\u017eby<\/li>\n<\/ul>\n<h4>Odm\u011bna \u00fakonov\u00e1<\/h4>\n<ul>\n<li>nesjedn\u00e1v\u00e1m ji \u010dasto, nebo\u0165 p\u0159\u00edli\u0161 nezohled\u0148uje skute\u010dn\u011b vynalo\u017een\u00fd \u010das<\/li>\n<li>stanov\u00ed se odm\u011bna za jeden \u00fakon pr\u00e1vn\u00ed slu\u017eby (nap\u0159. sepis \u017ealoby, kupn\u00ed smlouvy) a n\u00e1sob\u00ed se po\u010dtem definovan\u00fdch \u00fakon\u016f (nap\u0159. \u017ealoba + vyj\u00e1d\u0159en\u00ed + \u00fa\u010dast na jedn\u00e1n\u00ed + odvol\u00e1n\u00ed)<\/li>\n<\/ul>\n<h4>Odm\u011bna za vy\u0159\u00edzen\u00ed v\u011bci<\/h4>\n<ul>\n<li>nej\u010dast\u011bji u jednodu\u0161\u0161\u00edch \u0159\u00edzen\u00ed, kde lze odhadnout n\u00e1ro\u010dnost, nebo u jednor\u00e1zov\u00e9ho poskytnut\u00ed pr\u00e1vn\u00ed slu\u017eby \u010di p\u0159edem o\u010dek\u00e1van\u00e9ho \u010dasov\u00e9ho rozsahu pr\u00e1vn\u00edho zastoupen\u00ed<\/li>\n<li>p\u0159edem se stanov\u00ed odm\u011bna, kter\u00e1 nen\u00ed z\u00e1visl\u00e1 na rozsahu poskytov\u00e1n\u00ed pr\u00e1vn\u00ed slu\u017eby<\/li>\n<li>stanov\u00ed se odm\u011bna za zastoupen\u00ed od A do Z, p\u0159i\u010dem\u017e je bezp\u0159edm\u011btn\u00e9, zda se \u0159\u00edzen\u00ed t\u00e1hne 1 nebo 10 m\u011bs\u00edc\u016f a zabere 1 nebo 10 hodin pr\u00e1vn\u00ed slu\u017eby (nap\u0159. za vy\u0159\u00edzen\u00ed p\u0159estupkov\u00e9ho \u0159\u00edzen\u00ed \u010di seps\u00e1n\u00ed kupn\u00ed smlouvy)<\/li>\n<\/ul>\n<h4>Odm\u011bna pau\u0161\u00e1ln\u00ed<\/h4>\n<ul>\n<li>nej\u010dast\u011bji u pravideln\u00e9ho, komplexn\u00edho poskytov\u00e1n\u00ed pr\u00e1vn\u00edch slu\u017eeb pro podnikatele<\/li>\n<li>p\u0159edem se stanov\u00ed pevn\u00e1 odm\u011bna za dan\u00e9 \u010dasov\u00e9 obdob\u00ed, nej\u010dast\u011bji m\u011bs\u00edc, je p\u0159itom bezp\u0159edm\u011btn\u00e9, zda se v tomto obdob\u00ed vykon\u00e1 1 nebo 10 hodin pr\u00e1vn\u00ed slu\u017eby (nap\u0159. pevn\u00e1 \u010d\u00e1stka za m\u011bs\u00edc bez ohledu na skute\u010dn\u011b vyk\u00e1zan\u00e9 hodiny)<\/li>\n<\/ul>\n<h4>Odm\u011bna pod\u00edlov\u00e1<\/h4>\n<ul>\n<li>nej\u010dast\u011bji u \u017ealob na n\u00e1hradu \u0161kody<\/li>\n<li>p\u0159edem se ur\u010d\u00ed odm\u011bna ve v\u00fd\u0161i pod\u00edlu na hodnot\u011b sporu<\/li>\n<\/ul>\n<h4>Odm\u011bna \u00fasp\u011bchov\u00e1<\/h4>\n<ul>\n<li>nej\u010dast\u011bji u \u0159\u00edzen\u00ed, kde je jasn\u00fd c\u00edl klienta<\/li>\n<li>p\u0159edem se stanov\u00ed pod\u00edl na v\u00fdsledku \u010di pevn\u00e1 \u010d\u00e1stka, kter\u00e1 bude advok\u00e1tovi n\u00e1le\u017eet v p\u0159\u00edpad\u011b \u00fasp\u011bchu v \u0159\u00edzen\u00ed (nap\u0159. za zpro\u0161t\u011bn\u00ed klienta v trestn\u00edm \u0159\u00edzen\u00ed)<\/li>\n<\/ul>\n<p>&nbsp;<\/p>\n<p>V p\u0159\u00edpad\u011b, \u017ee se nedohodneme na \u017e\u00e1dn\u00e9 z forem smluvn\u00ed odm\u011bny, bude pr\u00e1vn\u00ed slu\u017eba \u00fa\u010dtov\u00e1na jako tzv. mimosmluvn\u00ed odm\u011bna dle vyhl\u00e1\u0161ky Ministerstva spravedlnosti \u010d. 177\/1996 Sb., advok\u00e1tn\u00edho tarifu.<\/p>\n","protected":false},"excerpt":{"rendered":"<p>Odm\u011bnu pr\u00e1vn\u00edch slu\u017eeb sjedn\u00e1v\u00e1m v\u017edy na z\u00e1klad\u011b dohody s klientem, a to s p\u0159ihl\u00e9dnut\u00edm ke v\u0161em specifik\u016fm dan\u00e9ho pr\u00e1vn\u00edho probl\u00e9mu. Sjedn\u00e1me ji zpravidla p\u0159i prvn\u00ed osobn\u00ed sch\u016fzce \u010di konzultaci. Budete v\u011bd\u011bt, kolik V\u00e1s pr\u00e1vn\u00ed pomoc bude st\u00e1t. Sjednan\u00e1 odm\u011bna m\u016f\u017ee m\u00edt n\u011bkolik podob, a to nap\u0159.: Odm\u011bna \u010dasov\u00e1 nej\u010dast\u011bji u zastoupen\u00ed v soudn\u00edm \u010di spr\u00e1vn\u00edm [&hellip;]<\/p>\n","protected":false},"author":1,"featured_media":0,"parent":0,"menu_order":0,"comment_status":"closed","ping_status":"closed","template":"","meta":{"_exactmetrics_skip_tracking":false,"_exactmetrics_sitenote_active":false,"_exactmetrics_sitenote_note":"","_exactmetrics_sitenote_category":0,"footnotes":""},"class_list":["post-20","page","type-page","status-publish","hentry"],"_links":{"self":[{"href":"https:\/\/www.akrosak.cz\/index.php\/wp-json\/wp\/v2\/pages\/20"}],"collection":[{"href":"https:\/\/www.akrosak.cz\/index.php\/wp-json\/wp\/v2\/pages"}],"about":[{"href":"https:\/\/www.akrosak.cz\/index.php\/wp-json\/wp\/v2\/types\/page"}],"author":[{"embeddable":true,"href":"https:\/\/www.akrosak.cz\/index.php\/wp-json\/wp\/v2\/users\/1"}],"replies":[{"embeddable":true,"href":"https:\/\/www.akrosak.cz\/index.php\/wp-json\/wp\/v2\/comments?post=20"}],"version-history":[{"count":18,"href":"https:\/\/www.akrosak.cz\/index.php\/wp-json\/wp\/v2\/pages\/20\/revisions"}],"predecessor-version":[{"id":482,"href":"https:\/\/www.akrosak.cz\/index.php\/wp-json\/wp\/v2\/pages\/20\/revisions\/482"}],"wp:attachment":[{"href":"https:\/\/www.akrosak.cz\/index.php\/wp-json\/wp\/v2\/media?parent=20"}],"curies":[{"name":"wp","href":"https:\/\/api.w.org\/{rel}","templated":true}]}}