{"id":25,"date":"2017-10-18T20:22:33","date_gmt":"2017-10-18T18:22:33","guid":{"rendered":"https:\/\/www.akrosak.cz\/?page_id=25"},"modified":"2020-09-14T09:49:09","modified_gmt":"2020-09-14T07:49:09","slug":"kontakt","status":"publish","type":"page","link":"https:\/\/www.akrosak.cz\/index.php\/kontakt\/","title":{"rendered":"Kontakt"},"content":{"rendered":"<h1><strong>JUDr. Jan Ros\u00e1k, advok\u00e1t<\/strong><\/h1>\n<p><strong>email:<\/strong><a href=\"mailto:jan@akrosak.cz\"> jan@akrosak.cz<\/a><br \/>\n<strong>telefon:<\/strong> +420 722 157 229<br \/>\n<strong>s\u00eddlo:<\/strong> V\u0161ehrdova 487, 686 01 Uhersk\u00e9 Hradi\u0161t\u011b (nad \u010cSOB Poji\u0161\u0165ovnou, 2. patro s v\u00fdtahem &#8211; tla\u010d\u00edtko \u010d. 3)<br \/>\n<strong>dal\u0161\u00ed pracovi\u0161t\u011b:<\/strong> Velk\u00e9 Losiny, Praha<img loading=\"lazy\" decoding=\"async\" class=\"wp-image-473 alignright\" src=\"https:\/\/www.akrosak.cz\/wp-content\/uploads\/2017\/10\/01m-profil-300x270.png\" alt=\"\" width=\"226\" height=\"203\" srcset=\"https:\/\/www.akrosak.cz\/wp-content\/uploads\/2017\/10\/01m-profil-300x270.png 300w, https:\/\/www.akrosak.cz\/wp-content\/uploads\/2017\/10\/01m-profil-768x692.png 768w, https:\/\/www.akrosak.cz\/wp-content\/uploads\/2017\/10\/01m-profil-1024x923.png 1024w, https:\/\/www.akrosak.cz\/wp-content\/uploads\/2017\/10\/01m-profil.png 1155w\" sizes=\"(max-width: 226px) 100vw, 226px\" \/><\/p>\n<p>Doporu\u010duji si sjednat sch\u016fzku p\u0159edem, nebo\u0165 mohu b\u00fdt zrovna na soud\u011b \u010di u klienta.<\/p>\n<p><strong>ID datov\u00e9 schr\u00e1nky:<\/strong> 288uzrv<br \/>\n<strong>I\u010cO<\/strong> 065 28 236<\/p>\n<p>Jak se ke mn\u011b dostanete?<\/p>\n<p><iframe loading=\"lazy\" style=\"border: 0;\" src=\"https:\/\/www.google.com\/maps\/embed?pb=!1m18!1m12!1m3!1d2613.9781725075914!2d17.462647815696243!3d49.06804957930855!2m3!1f0!2f0!3f0!3m2!1i1024!2i768!4f13.1!3m3!1m2!1s0x471314387133395f%3A0x9b7cbe147b45ef7!2zVsWhZWhyZG92YSA0ODcsIDY4NiAwMSBVaGVyc2vDqSBIcmFkacWhdMSb!5e0!3m2!1scs!2scz!4v1510251851027\" width=\"600\" height=\"450\" frameborder=\"0\" allowfullscreen=\"allowfullscreen\"><\/iframe><\/p>\n<p>&nbsp;<\/p>\n<p>&nbsp;<\/p>\n","protected":false},"excerpt":{"rendered":"<p>JUDr. Jan Ros\u00e1k, advok\u00e1t email: jan@akrosak.cz telefon: +420 722 157 229 s\u00eddlo: V\u0161ehrdova 487, 686 01 Uhersk\u00e9 Hradi\u0161t\u011b (nad \u010cSOB Poji\u0161\u0165ovnou, 2. patro s v\u00fdtahem &#8211; tla\u010d\u00edtko \u010d. 3) dal\u0161\u00ed pracovi\u0161t\u011b: Velk\u00e9 Losiny, Praha Doporu\u010duji si sjednat sch\u016fzku p\u0159edem, nebo\u0165 mohu b\u00fdt zrovna na soud\u011b \u010di u klienta. ID datov\u00e9 schr\u00e1nky: 288uzrv I\u010cO 065 28 [&hellip;]<\/p>\n","protected":false},"author":1,"featured_media":0,"parent":0,"menu_order":0,"comment_status":"closed","ping_status":"closed","template":"","meta":{"_exactmetrics_skip_tracking":false,"_exactmetrics_sitenote_active":false,"_exactmetrics_sitenote_note":"","_exactmetrics_sitenote_category":0,"footnotes":""},"class_list":["post-25","page","type-page","status-publish","hentry"],"_links":{"self":[{"href":"https:\/\/www.akrosak.cz\/index.php\/wp-json\/wp\/v2\/pages\/25"}],"collection":[{"href":"https:\/\/www.akrosak.cz\/index.php\/wp-json\/wp\/v2\/pages"}],"about":[{"href":"https:\/\/www.akrosak.cz\/index.php\/wp-json\/wp\/v2\/types\/page"}],"author":[{"embeddable":true,"href":"https:\/\/www.akrosak.cz\/index.php\/wp-json\/wp\/v2\/users\/1"}],"replies":[{"embeddable":true,"href":"https:\/\/www.akrosak.cz\/index.php\/wp-json\/wp\/v2\/comments?post=25"}],"version-history":[{"count":34,"href":"https:\/\/www.akrosak.cz\/index.php\/wp-json\/wp\/v2\/pages\/25\/revisions"}],"predecessor-version":[{"id":483,"href":"https:\/\/www.akrosak.cz\/index.php\/wp-json\/wp\/v2\/pages\/25\/revisions\/483"}],"wp:attachment":[{"href":"https:\/\/www.akrosak.cz\/index.php\/wp-json\/wp\/v2\/media?parent=25"}],"curies":[{"name":"wp","href":"https:\/\/api.w.org\/{rel}","templated":true}]}}